{"id":9,"date":"2025-01-27T15:16:08","date_gmt":"2025-01-27T15:16:08","guid":{"rendered":"https:\/\/cecage.uem.mz\/?page_id=9"},"modified":"2025-02-10T08:42:12","modified_gmt":"2025-02-10T08:42:12","slug":"breve-historial","status":"publish","type":"page","link":"https:\/\/cecage.uem.mz\/?page_id=9","title":{"rendered":"Breve Historial"},"content":{"rendered":"\t\t<div data-elementor-type=\"wp-page\" data-elementor-id=\"9\" class=\"elementor elementor-9\">\n\t\t\t\t<div class=\"elementor-element elementor-element-5d7c823 e-flex e-con-boxed e-con e-parent\" data-id=\"5d7c823\" data-element_type=\"container\">\n\t\t\t\t\t<div class=\"e-con-inner\">\n\t\t\t\t<div class=\"elementor-element elementor-element-6415b3c elementor-widget elementor-widget-text-editor\" data-id=\"6415b3c\" data-element_type=\"widget\" data-widget_type=\"text-editor.default\">\n\t\t\t\t<div class=\"elementor-widget-container\">\n\t\t\t\t\t\t\t\t\t<p><strong>Introdu\u00e7\u00e3o<\/strong><\/p><p>Com a realiza\u00e7\u00e3o da IV Confer\u00eancia Mundial sobre a Mulher no ano de 1995, em Beijing, onde Mo\u00e7ambique participou com uma not\u00e1vel representa\u00e7\u00e3o nacional, incluindo membros do Governo e da Sociedade Civil, foi refor\u00e7ada a ideia de que a igualdade de g\u00e9nero \u00e9 uma quest\u00e3o pol\u00edtica e dos direitos humanos. Deste modo, foi adoptada a Plataforma de Ac\u00e7\u00e3o de Beijing, na qual se definiu a \u201cAgenda for Women\u2019s Empowerment\u201d, isto \u00e9 que as mulheres, devem estar imbu\u00eddas de autonomia, auto-estima, autoconfian\u00e7a, capacidade de escolha, emancipa\u00e7\u00e3o, afirma\u00e7\u00e3o e capacidade para decidir. Igualmente, os Governos comprometeram-se com uma efectiva implementa\u00e7\u00e3o \u201cgender mainstreaming\u201dda estrat\u00e9gia, isto \u00e9, a transversalidade da perspectiva de g\u00e9nero em todas as pol\u00edticas, programas de Governo e em todos os n\u00edveis sectoriais.<\/p><p>Com efeito, a Universidade Eduardo Mondlane (UEM), consciente das desigualdades que existiam entre homens e mulheres na sua institui\u00e7\u00e3o incluiu no seu Plano Estrat\u00e9gico 1999-2003, o Objectivo Estrat\u00e9gico 8 e no Plano Estrat\u00e9gico de 2008-2012 o Objectivo Estrat\u00e9gico 2, que preconizam \u201cPromover o acesso equitativo\u201d. Promover o acesso equitativo na UEM, significa dar: (i) oportunidades iguais a todos os grupos sociais, tendo em aten\u00e7\u00e3o os mais vulner\u00e1veis, os econ\u00f3mico e socialmente desfavorecidos e o equil\u00edbrio do g\u00e9nero; e (ii) adequar os crit\u00e9rios de selec\u00e7\u00e3o ao actual contexto pol\u00edtico e socioecon\u00f3mico, sem comprometer a qualidade do ensino. Assim, foi criado o Centro de Coordena\u00e7\u00e3o dos Assuntos do G\u00e9nero (CeCAGe), uma unidade org\u00e2nica da UEM atrav\u00e9s da resolu\u00e7\u00e3o n\u00ba 5\/CUN\/2008 de Maio 2008 do Conselho Universit\u00e1rio da UEM.<\/p><p>Desta forma, a UEM atrav\u00e9s do CeCAGe encontrou um mecanismo institucional de tratamento das tem\u00e1ticas de g\u00e9nero que, para al\u00e9m da luta pela dignidade da mulher, defende a igualdade de oportunidades entre homens e mulheres. O CeCAGe tem contribu\u00eddo na amplia\u00e7\u00e3o do debate sobre a igualdade de g\u00e9nero na UEM e na sociedade em geral atrav\u00e9s da realiza\u00e7\u00e3o de actividades de investiga\u00e7\u00e3o e extens\u00e3o, forma\u00e7\u00e3o bem como confer\u00eancias, semin\u00e1rios, workshops e palestras.<br \/>Linhas orientadoras das actividades do CeCAGe.<\/p><p>O CeCAGe dedica-se \u00e0 coordena\u00e7\u00e3o dos assuntos do g\u00e9nero na vertente de investiga\u00e7\u00e3o cient\u00edfica, forma\u00e7\u00e3o, extens\u00e3o e presta\u00e7\u00e3o de servi\u00e7os \u00e0 UEM e \u00e0 comunidade, em geral. As suas actividades inspiram-se no princ\u00edpio constitucional de igualdade de g\u00e9nero e nas conven\u00e7\u00f5es nacionais e internacionais de direitos universais subscritos pelo Estado Mo\u00e7ambicano designadamente: (i) Objectivos de Desenvolvimento Sustent\u00e1vel (ODSs), (ii) Conven\u00e7\u00e3o sobre a Elimina\u00e7\u00e3o de Todas as Formas de Discrimina\u00e7\u00e3o contra as Mulheres (CEDAW), (iii) Carta das Na\u00e7\u00f5es Unidas sobre Direitos Humanos e nos instrumentos orientadores da UEM nomeadamente o Plano Estrat\u00e9gico da UEM (PE) 2018-2028 e na Estrat\u00e9gia de G\u00e9nero da UEM 2019-2029.<\/p>\t\t\t\t\t\t\t\t<\/div>\n\t\t\t\t<\/div>\n\t\t\t\t\t<\/div>\n\t\t\t\t<\/div>\n\t\t\t\t<\/div>\n\t\t","protected":false},"excerpt":{"rendered":"<p>Introdu\u00e7\u00e3o Com a realiza\u00e7\u00e3o da IV Confer\u00eancia Mundial sobre a Mulher no ano de 1995, em Beijing, onde Mo\u00e7ambique participou [&hellip;]<\/p>\n","protected":false},"author":1,"featured_media":0,"parent":0,"menu_order":0,"comment_status":"closed","ping_status":"closed","template":"","meta":{"site-sidebar-layout":"no-sidebar","site-content-layout":"plain-container","ast-site-content-layout":"full-width-container","site-content-style":"default","site-sidebar-style":"default","ast-global-header-display":"","ast-banner-title-visibility":"","ast-main-header-display":"","ast-hfb-above-header-display":"","ast-hfb-below-header-display":"","ast-hfb-mobile-header-display":"","site-post-title":"disabled","ast-breadcrumbs-content":"","ast-featured-img":"disabled","footer-sml-layout":"","theme-transparent-header-meta":"enabled","adv-header-id-meta":"","stick-header-meta":"","header-above-stick-meta":"","header-main-stick-meta":"","header-below-stick-meta":"","astra-migrate-meta-layouts":"default","ast-page-background-enabled":"default","ast-page-background-meta":{"desktop":{"background-color":"var(--ast-global-color-5)","background-image":"","background-repeat":"repeat","background-position":"center center","background-size":"auto","background-attachment":"scroll","background-type":"","background-media":"","overlay-type":"","overlay-color":"","overlay-opacity":"","overlay-gradient":""},"tablet":{"background-color":"","background-image":"","background-repeat":"repeat","background-position":"center center","background-size":"auto","background-attachment":"scroll","background-type":"","background-media":"","overlay-type":"","overlay-color":"","overlay-opacity":"","overlay-gradient":""},"mobile":{"background-color":"","background-image":"","background-repeat":"repeat","background-position":"center center","background-size":"auto","background-attachment":"scroll","background-type":"","background-media":"","overlay-type":"","overlay-color":"","overlay-opacity":"","overlay-gradient":""}},"ast-content-background-meta":{"desktop":{"background-color":"var(--ast-global-color-4)","background-image":"","background-repeat":"repeat","background-position":"center center","background-size":"auto","background-attachment":"scroll","background-type":"","background-media":"","overlay-type":"","overlay-color":"","overlay-opacity":"","overlay-gradient":""},"tablet":{"background-color":"var(--ast-global-color-4)","background-image":"","background-repeat":"repeat","background-position":"center center","background-size":"auto","background-attachment":"scroll","background-type":"","background-media":"","overlay-type":"","overlay-color":"","overlay-opacity":"","overlay-gradient":""},"mobile":{"background-color":"var(--ast-global-color-4)","background-image":"","background-repeat":"repeat","background-position":"center center","background-size":"auto","background-attachment":"scroll","background-type":"","background-media":"","overlay-type":"","overlay-color":"","overlay-opacity":"","overlay-gradient":""}},"footnotes":""},"class_list":["post-9","page","type-page","status-publish","hentry"],"rttpg_featured_image_url":null,"rttpg_author":{"display_name":"Manager","author_link":"https:\/\/cecage.uem.mz\/?author=1"},"rttpg_comment":0,"rttpg_category":null,"rttpg_excerpt":"Introdu\u00e7\u00e3o Com a realiza\u00e7\u00e3o da IV Confer\u00eancia Mundial sobre a Mulher no ano de 1995, em Beijing, onde Mo\u00e7ambique participou [&hellip;]","_links":{"self":[{"href":"https:\/\/cecage.uem.mz\/index.php?rest_route=\/wp\/v2\/pages\/9","targetHints":{"allow":["GET"]}}],"collection":[{"href":"https:\/\/cecage.uem.mz\/index.php?rest_route=\/wp\/v2\/pages"}],"about":[{"href":"https:\/\/cecage.uem.mz\/index.php?rest_route=\/wp\/v2\/types\/page"}],"author":[{"embeddable":true,"href":"https:\/\/cecage.uem.mz\/index.php?rest_route=\/wp\/v2\/users\/1"}],"replies":[{"embeddable":true,"href":"https:\/\/cecage.uem.mz\/index.php?rest_route=%2Fwp%2Fv2%2Fcomments&post=9"}],"version-history":[{"count":10,"href":"https:\/\/cecage.uem.mz\/index.php?rest_route=\/wp\/v2\/pages\/9\/revisions"}],"predecessor-version":[{"id":136,"href":"https:\/\/cecage.uem.mz\/index.php?rest_route=\/wp\/v2\/pages\/9\/revisions\/136"}],"wp:attachment":[{"href":"https:\/\/cecage.uem.mz\/index.php?rest_route=%2Fwp%2Fv2%2Fmedia&parent=9"}],"curies":[{"name":"wp","href":"https:\/\/api.w.org\/{rel}","templated":true}]}}