{"id":427,"date":"2025-05-28T13:21:33","date_gmt":"2025-05-28T13:21:33","guid":{"rendered":"https:\/\/cecage.uem.mz\/?page_id=427"},"modified":"2025-05-28T16:37:46","modified_gmt":"2025-05-28T16:37:46","slug":"relatorios-de-pesquisa","status":"publish","type":"page","link":"https:\/\/cecage.uem.mz\/?page_id=427","title":{"rendered":"Relat\u00f3rios de Pesquisa"},"content":{"rendered":"\t\t<div data-elementor-type=\"wp-page\" data-elementor-id=\"427\" class=\"elementor elementor-427\">\n\t\t\t\t<div class=\"elementor-element elementor-element-07e6200 e-flex e-con-boxed e-con e-parent\" data-id=\"07e6200\" data-element_type=\"container\">\n\t\t\t\t\t<div class=\"e-con-inner\">\n\t\t\t\t<div class=\"elementor-element elementor-element-e625db2 elementor-widget elementor-widget-heading\" data-id=\"e625db2\" data-element_type=\"widget\" data-widget_type=\"heading.default\">\n\t\t\t\t<div class=\"elementor-widget-container\">\n\t\t\t\t\t<h2 class=\"elementor-heading-title elementor-size-default\">Relat\u00f3rios de Pesquisas<\/h2>\t\t\t\t<\/div>\n\t\t\t\t<\/div>\n\t\t\t\t\t<\/div>\n\t\t\t\t<\/div>\n\t\t<div class=\"elementor-element elementor-element-9a0adcb e-flex e-con-boxed e-con e-parent\" data-id=\"9a0adcb\" data-element_type=\"container\">\n\t\t\t\t\t<div class=\"e-con-inner\">\n\t\t\t\t<div class=\"elementor-element elementor-element-dbba30c e-n-tabs-mobile elementor-widget elementor-widget-n-tabs\" data-id=\"dbba30c\" data-element_type=\"widget\" data-settings=\"{&quot;horizontal_scroll&quot;:&quot;disable&quot;}\" data-widget_type=\"nested-tabs.default\">\n\t\t\t\t<div class=\"elementor-widget-container\">\n\t\t\t\t\t\t\t<div class=\"e-n-tabs\" data-widget-number=\"230400780\" aria-label=\"Tabs. Open items with Enter or Space, close with Escape and navigate using the Arrow keys.\">\n\t\t\t<div class=\"e-n-tabs-heading\" role=\"tablist\">\n\t\t\t\t\t<button id=\"e-n-tab-title-2304007801\" class=\"e-n-tab-title\" aria-selected=\"true\" data-tab-index=\"1\" role=\"tab\" tabindex=\"0\" aria-controls=\"e-n-tab-content-2304007801\" style=\"--n-tabs-title-order: 1;\">\n\t\t\t\t\t\t<span class=\"e-n-tab-title-text\">\n\t\t\t\t2011-2016\t\t\t<\/span>\n\t\t<\/button>\n\t\t\t\t<button id=\"e-n-tab-title-2304007802\" class=\"e-n-tab-title\" aria-selected=\"false\" data-tab-index=\"2\" role=\"tab\" tabindex=\"-1\" aria-controls=\"e-n-tab-content-2304007802\" style=\"--n-tabs-title-order: 2;\">\n\t\t\t\t\t\t<span class=\"e-n-tab-title-text\">\n\t\t\t\t2019\t\t\t<\/span>\n\t\t<\/button>\n\t\t\t\t\t<\/div>\n\t\t\t<div class=\"e-n-tabs-content\">\n\t\t\t\t<div id=\"e-n-tab-content-2304007801\" role=\"tabpanel\" aria-labelledby=\"e-n-tab-title-2304007801\" data-tab-index=\"1\" style=\"--n-tabs-title-order: 1;\" class=\"e-active elementor-element elementor-element-5ab83a3 e-con-full e-flex e-con e-child\" data-id=\"5ab83a3\" data-element_type=\"container\">\n\t\t\t\t<div class=\"elementor-element elementor-element-a50292e elementor-widget elementor-widget-text-editor\" data-id=\"a50292e\" data-element_type=\"widget\" data-widget_type=\"text-editor.default\">\n\t\t\t\t<div class=\"elementor-widget-container\">\n\t\t\t\t\t\t\t\t\t<ul><li><strong>MATAVEIA, G.; MUNGUAMBE, C.; DE ASSIS, C. &amp; PAULO, M.<\/strong> Revis\u00e3o Bibliogr\u00e1fica sobre Estudos de G\u00e9nero na UEM. 2019.<\/li><li><strong>MANUEL, B.; MATAVEIA, G.; RAFAEL, D. P.; COSSA, Q.; BUQUE, C.; MUNGUAMBE, C. &amp; PAULO, M.<\/strong> Barreiras de G\u00e9nero na UEM. 2019.<\/li><li><strong>MARIANO, E.;<\/strong> <strong>MATAVEIA, G.; COSSA Q.; MA\u00daNGUE, H.; MANUEL, B.; RAFAEL, D. P.; MUNGUAMBE, C. &amp; BUQUE, C.<\/strong>. Situa\u00e7\u00e3o da viol\u00eancia contra as mulheres e raparigas nos espa\u00e7os p\u00fablicos na cidade de Maputo. Projecto \u2018\u2019Maputo: cidade segura livre de viol\u00eancia contra mulheres e raparigas\u2019\u2019, Maputo: Global Touch, 2016, 82 p.<\/li><li><strong>MUSS\u00c1, H.; JOS\u00c9, J.; PITA, R. &amp; SIMBINE, R.<\/strong> Empreendedorismo da Mulher na Ind\u00fastria Tur\u00edstica na Prov\u00edncia de Inhambane: Perfil, Porte, Sustentabilidade e Dificuldades na Gest\u00e3o de Empresas<strong style=\"font-size: 15px;\">.<\/strong><span style=\"font-size: 15px;\"> Confer\u00eancia do Programa para o Empoderamento S\u00f3cio-econ\u00f3mico e acesso ao cr\u00e9dito. 2015.<\/span><\/li><li><strong>JOAQUIM, J.; JOAQUIM, J.; ROS\u00c1RIO, N.; ELISEU, C.; MULA, N. &amp; MACU\u00c1CUA, Q.<\/strong> Avalia\u00e7\u00e3o do n\u00edvel de acesso aos servi\u00e7os de cr\u00e9dito, publico e privado, das micro e pequenas empresas pertencentes e\/ou lideradas por mulheres na actividade agr\u00edcola na Prov\u00edncia de Gaza. 2015.<\/li><li><strong>MACHAVA, A.; NOBELA, A., MACHAVA, O.; CHICONELA, I. &amp; RIBEIRO, D.<\/strong> Din\u00e2micas jur\u00eddico-econ\u00f3micas das actividades de confec\u00e7\u00e3o de alimentos e catering nos espa\u00e7os transfronteiri\u00e7os da Prov\u00edncia de Maputo. Confer\u00eancia do Programa para o Empoderamento S\u00f3cio-econ\u00f3mico e acesso ao cr\u00e9dito. 2015.<\/li><li><strong>MONGUELA, A.; DA GL\u00d3RIA, R. E.; DE SA\u00daDE, A. &amp; MACHINE, L.<\/strong> Contributo das micro e pequenas empresas do sector do turismo no empoderamenro s\u00f3cio-econ\u00f3mico das mulheres na Prov\u00edncia de Inhambane: casos dos Distritos de Inhassoro, Vilankulo e Munic\u00edpio de Inhambane. Confer\u00eancia do Programa para o Empoderamento S\u00f3cio-econ\u00f3mico e acesso ao cr\u00e9dito. 2015.<\/li><li><strong>CASIMIRO, I.; GUILICHE, J.; MATUSSE, A. P., MACHAVATE, D.; MACAMO, G. &amp; SABINO, W.<\/strong> Inclus\u00e3o da mulher na esfera socioecon\u00f3mica: an\u00e1lise de investimento de CEPAGRI e a concess\u00e3o de cr\u00e9dito banc\u00e1rio \u00e0s mulheres avicultoras no munic\u00edpio da Matola. Confer\u00eancia do Programa para o Empoderamento S\u00f3cio-econ\u00f3mico e acesso ao cr\u00e9dito. 2015.<\/li><li><strong>ESCRIV\u00c3O, R.; GARC\u00caS, A.; J\u00daNIOR, A.; MATAVEIA, G. &amp; MUTEMBA, L.<\/strong> Mozambique Dairy Development Program Midterm Evaluation, Implemented by Land O Lakes, INC. International Development, Maputo- Mozambique.<\/li><li><strong style=\"font-size: 15px;\">JOS\u00c9, G. C. ; MATAVEIA, G.; MUCAMBE, M.; TCHAMO, S.; COSSA, A.; JANU\u00c1RIO, F. &amp; MUTEMBA, L.<\/strong><span style=\"font-size: 15px;\"> Estudo sobre os Custos S\u00f3cio-Econ\u00f3micos da Viol\u00eancia Contra a Mulher em Mo\u00e7ambique. Maputo: Imprensa Universit\u00e1ria, 2011, 69 p.<\/span><\/li><\/ul>\t\t\t\t\t\t\t\t<\/div>\n\t\t\t\t<\/div>\n\t\t\t\t<\/div>\n\t\t<div id=\"e-n-tab-content-2304007802\" role=\"tabpanel\" aria-labelledby=\"e-n-tab-title-2304007802\" data-tab-index=\"2\" style=\"--n-tabs-title-order: 2;\" class=\" elementor-element elementor-element-7006c5e e-con-full e-flex e-con e-child\" data-id=\"7006c5e\" data-element_type=\"container\">\n\t\t\t\t<div class=\"elementor-element elementor-element-4d6e601 elementor-widget elementor-widget-text-editor\" data-id=\"4d6e601\" data-element_type=\"widget\" data-widget_type=\"text-editor.default\">\n\t\t\t\t<div class=\"elementor-widget-container\">\n\t\t\t\t\t\t\t\t\t<ul><li><strong>MATAVEIA, G.; MUNGUAMBE, C.; DE ASSIS, C. &amp; PAULO, M.<\/strong> Revis\u00e3o Bibliogr\u00e1fica sobre Estudos de G\u00e9nero na UEM. 2019.<\/li><li><strong style=\"font-size: 15px;\">MANUEL, B.; MATAVEIA, G.; RAFAEL, D. P.; COSSA, Q.; BUQUE, C.; MUNGUAMBE, C. &amp; PAULO, M.<\/strong><span style=\"font-size: 15px;\"> Barreiras de G\u00e9nero na UEM. 2019.<\/span><\/li><\/ul>\t\t\t\t\t\t\t\t<\/div>\n\t\t\t\t<\/div>\n\t\t\t\t<\/div>\n\t\t\t\t\t<\/div>\n\t\t<\/div>\n\t\t\t\t\t\t<\/div>\n\t\t\t\t<\/div>\n\t\t\t\t\t<\/div>\n\t\t\t\t<\/div>\n\t\t\t\t<\/div>\n\t\t","protected":false},"excerpt":{"rendered":"<p>Relat\u00f3rios de Pesquisas 2011-2016 2019 MATAVEIA, G.; MUNGUAMBE, C.; DE ASSIS, C. &amp; PAULO, M. Revis\u00e3o Bibliogr\u00e1fica sobre Estudos de [&hellip;]<\/p>\n","protected":false},"author":3,"featured_media":0,"parent":0,"menu_order":0,"comment_status":"closed","ping_status":"closed","template":"","meta":{"site-sidebar-layout":"no-sidebar","site-content-layout":"","ast-site-content-layout":"full-width-container","site-content-style":"default","site-sidebar-style":"default","ast-global-header-display":"","ast-banner-title-visibility":"","ast-main-header-display":"","ast-hfb-above-header-display":"","ast-hfb-below-header-display":"","ast-hfb-mobile-header-display":"","site-post-title":"disabled","ast-breadcrumbs-content":"","ast-featured-img":"disabled","footer-sml-layout":"","theme-transparent-header-meta":"","adv-header-id-meta":"","stick-header-meta":"","header-above-stick-meta":"","header-main-stick-meta":"","header-below-stick-meta":"","astra-migrate-meta-layouts":"default","ast-page-background-enabled":"default","ast-page-background-meta":{"desktop":{"background-color":"var(--ast-global-color-5)","background-image":"","background-repeat":"repeat","background-position":"center center","background-size":"auto","background-attachment":"scroll","background-type":"","background-media":"","overlay-type":"","overlay-color":"","overlay-opacity":"","overlay-gradient":""},"tablet":{"background-color":"","background-image":"","background-repeat":"repeat","background-position":"center center","background-size":"auto","background-attachment":"scroll","background-type":"","background-media":"","overlay-type":"","overlay-color":"","overlay-opacity":"","overlay-gradient":""},"mobile":{"background-color":"","background-image":"","background-repeat":"repeat","background-position":"center center","background-size":"auto","background-attachment":"scroll","background-type":"","background-media":"","overlay-type":"","overlay-color":"","overlay-opacity":"","overlay-gradient":""}},"ast-content-background-meta":{"desktop":{"background-color":"var(--ast-global-color-4)","background-image":"","background-repeat":"repeat","background-position":"center center","background-size":"auto","background-attachment":"scroll","background-type":"","background-media":"","overlay-type":"","overlay-color":"","overlay-opacity":"","overlay-gradient":""},"tablet":{"background-color":"var(--ast-global-color-4)","background-image":"","background-repeat":"repeat","background-position":"center center","background-size":"auto","background-attachment":"scroll","background-type":"","background-media":"","overlay-type":"","overlay-color":"","overlay-opacity":"","overlay-gradient":""},"mobile":{"background-color":"var(--ast-global-color-4)","background-image":"","background-repeat":"repeat","background-position":"center center","background-size":"auto","background-attachment":"scroll","background-type":"","background-media":"","overlay-type":"","overlay-color":"","overlay-opacity":"","overlay-gradient":""}},"footnotes":""},"class_list":["post-427","page","type-page","status-publish","hentry"],"rttpg_featured_image_url":null,"rttpg_author":{"display_name":"Miguel Bento","author_link":"https:\/\/cecage.uem.mz\/?author=3"},"rttpg_comment":0,"rttpg_category":null,"rttpg_excerpt":"Relat\u00f3rios de Pesquisas 2011-2016 2019 MATAVEIA, G.; MUNGUAMBE, C.; DE ASSIS, C. &amp; PAULO, M. Revis\u00e3o Bibliogr\u00e1fica sobre Estudos de [&hellip;]","_links":{"self":[{"href":"https:\/\/cecage.uem.mz\/index.php?rest_route=\/wp\/v2\/pages\/427","targetHints":{"allow":["GET"]}}],"collection":[{"href":"https:\/\/cecage.uem.mz\/index.php?rest_route=\/wp\/v2\/pages"}],"about":[{"href":"https:\/\/cecage.uem.mz\/index.php?rest_route=\/wp\/v2\/types\/page"}],"author":[{"embeddable":true,"href":"https:\/\/cecage.uem.mz\/index.php?rest_route=\/wp\/v2\/users\/3"}],"replies":[{"embeddable":true,"href":"https:\/\/cecage.uem.mz\/index.php?rest_route=%2Fwp%2Fv2%2Fcomments&post=427"}],"version-history":[{"count":13,"href":"https:\/\/cecage.uem.mz\/index.php?rest_route=\/wp\/v2\/pages\/427\/revisions"}],"predecessor-version":[{"id":510,"href":"https:\/\/cecage.uem.mz\/index.php?rest_route=\/wp\/v2\/pages\/427\/revisions\/510"}],"wp:attachment":[{"href":"https:\/\/cecage.uem.mz\/index.php?rest_route=%2Fwp%2Fv2%2Fmedia&parent=427"}],"curies":[{"name":"wp","href":"https:\/\/api.w.org\/{rel}","templated":true}]}}