{"id":426,"date":"2025-05-28T13:21:33","date_gmt":"2025-05-28T13:21:33","guid":{"rendered":"https:\/\/cecage.uem.mz\/?page_id=426"},"modified":"2025-05-28T16:26:25","modified_gmt":"2025-05-28T16:26:25","slug":"livros","status":"publish","type":"page","link":"https:\/\/cecage.uem.mz\/?page_id=426","title":{"rendered":"Livros"},"content":{"rendered":"\t\t<div data-elementor-type=\"wp-page\" data-elementor-id=\"426\" class=\"elementor elementor-426\">\n\t\t\t\t<div class=\"elementor-element elementor-element-5d1d745 e-flex e-con-boxed e-con e-parent\" data-id=\"5d1d745\" data-element_type=\"container\">\n\t\t\t\t\t<div class=\"e-con-inner\">\n\t\t\t\t<div class=\"elementor-element elementor-element-d529dbf elementor-widget elementor-widget-heading\" data-id=\"d529dbf\" data-element_type=\"widget\" data-widget_type=\"heading.default\">\n\t\t\t\t<div class=\"elementor-widget-container\">\n\t\t\t\t\t<h2 class=\"elementor-heading-title elementor-size-default\">Livros<\/h2>\t\t\t\t<\/div>\n\t\t\t\t<\/div>\n\t\t\t\t\t<\/div>\n\t\t\t\t<\/div>\n\t\t<div class=\"elementor-element elementor-element-a6ac282 e-flex e-con-boxed e-con e-parent\" data-id=\"a6ac282\" data-element_type=\"container\">\n\t\t\t\t\t<div class=\"e-con-inner\">\n\t\t\t\t<div class=\"elementor-element elementor-element-c29d9e0 e-n-tabs-mobile elementor-widget elementor-widget-n-tabs\" data-id=\"c29d9e0\" data-element_type=\"widget\" data-settings=\"{&quot;horizontal_scroll&quot;:&quot;disable&quot;}\" data-widget_type=\"nested-tabs.default\">\n\t\t\t\t<div class=\"elementor-widget-container\">\n\t\t\t\t\t\t\t<div class=\"e-n-tabs\" data-widget-number=\"204069344\" aria-label=\"Tabs. Open items with Enter or Space, close with Escape and navigate using the Arrow keys.\">\n\t\t\t<div class=\"e-n-tabs-heading\" role=\"tablist\">\n\t\t\t\t\t<button id=\"e-n-tab-title-2040693441\" class=\"e-n-tab-title\" aria-selected=\"true\" data-tab-index=\"1\" role=\"tab\" tabindex=\"0\" aria-controls=\"e-n-tab-content-2040693441\" style=\"--n-tabs-title-order: 1;\">\n\t\t\t\t\t\t<span class=\"e-n-tab-title-text\">\n\t\t\t\t2014\t\t\t<\/span>\n\t\t<\/button>\n\t\t\t\t<button id=\"e-n-tab-title-2040693442\" class=\"e-n-tab-title\" aria-selected=\"false\" data-tab-index=\"2\" role=\"tab\" tabindex=\"-1\" aria-controls=\"e-n-tab-content-2040693442\" style=\"--n-tabs-title-order: 2;\">\n\t\t\t\t\t\t<span class=\"e-n-tab-title-text\">\n\t\t\t\t2015 - 2017\t\t\t<\/span>\n\t\t<\/button>\n\t\t\t\t\t<\/div>\n\t\t\t<div class=\"e-n-tabs-content\">\n\t\t\t\t<div id=\"e-n-tab-content-2040693441\" role=\"tabpanel\" aria-labelledby=\"e-n-tab-title-2040693441\" data-tab-index=\"1\" style=\"--n-tabs-title-order: 1;\" class=\"e-active elementor-element elementor-element-60cc4a0 e-con-full e-flex e-con e-child\" data-id=\"60cc4a0\" data-element_type=\"container\">\n\t\t\t\t<div class=\"elementor-element elementor-element-127d9df elementor-widget elementor-widget-text-editor\" data-id=\"127d9df\" data-element_type=\"widget\" data-widget_type=\"text-editor.default\">\n\t\t\t\t<div class=\"elementor-widget-container\">\n\t\t\t\t\t\t\t\t\t<ul><li><strong>LANGA, P. V.; CUMAIO, G. &amp; RAFAEL, D.P.<\/strong> Cinquenta anos de Legisla\u00e7\u00e3o e Pol\u00edticas P\u00fablicas do Ensino Superior em Mo\u00e7ambique, 1962-2012. Cape Town: African Minds, 2014. 953 p.<\/li><\/ul>\t\t\t\t\t\t\t\t<\/div>\n\t\t\t\t<\/div>\n\t\t\t\t<\/div>\n\t\t<div id=\"e-n-tab-content-2040693442\" role=\"tabpanel\" aria-labelledby=\"e-n-tab-title-2040693442\" data-tab-index=\"2\" style=\"--n-tabs-title-order: 2;\" class=\" elementor-element elementor-element-f071a4a e-con-full e-flex e-con e-child\" data-id=\"f071a4a\" data-element_type=\"container\">\n\t\t\t\t<div class=\"elementor-element elementor-element-9df69b0 elementor-widget elementor-widget-text-editor\" data-id=\"9df69b0\" data-element_type=\"widget\" data-widget_type=\"text-editor.default\">\n\t\t\t\t<div class=\"elementor-widget-container\">\n\t\t\t\t\t\t\t\t\t<ul><li><strong><span style=\"vertical-align: inherit;\">CAPURCHANDE, R.\u00a0<\/span><\/strong><span style=\"vertical-align: inherit;\"> Discursos, arenas plurais e adolescentes soropositivos. Em TELES, N.; DA MATA, JJ e SANTOS, WE (organizadores). Pol\u00edticas de Controle do HIV\/AIDS. Rio de Janeiro: Editora Fiocruz, 2016. p. 117-138.<\/span><\/li><\/ul><ul><li><strong><span style=\"vertical-align: inherit;\">MINAYO, C. e CAPURCHANDE, R..<\/span><\/strong><span style=\"vertical-align: inherit;\"> A viol\u00eancia faz mal \u00e0 sa\u00fade e \u00e0 qualidade de vida: conceitos, teorias, e tipologias de viol\u00eancia\u201d. In: GON\u00c7ALVES DE ASSIS, S. ; CONSTANTINO, P. ; NJAINE, K. ; RAMOS DE SOUSA, E.; MINAYO, CM; TELES, N. e Capurchande, R. (orgs). Impactos da viol\u00eancia: Mo\u00e7ambique e Brasil. Rio de Janeiro: Fiocruz, 2015. p. 39-82.<\/span><\/li><\/ul>\t\t\t\t\t\t\t\t<\/div>\n\t\t\t\t<\/div>\n\t\t\t\t<\/div>\n\t\t\t\t\t<\/div>\n\t\t<\/div>\n\t\t\t\t\t\t<\/div>\n\t\t\t\t<\/div>\n\t\t\t\t\t<\/div>\n\t\t\t\t<\/div>\n\t\t<div class=\"elementor-element elementor-element-3785e31 e-flex e-con-boxed e-con e-parent\" data-id=\"3785e31\" data-element_type=\"container\">\n\t\t\t\t\t<div class=\"e-con-inner\">\n\t\t\t\t\t<\/div>\n\t\t\t\t<\/div>\n\t\t<div class=\"elementor-element elementor-element-f0d46f2 e-flex e-con-boxed e-con e-parent\" data-id=\"f0d46f2\" data-element_type=\"container\">\n\t\t\t\t\t<div class=\"e-con-inner\">\n\t\t\t\t\t<\/div>\n\t\t\t\t<\/div>\n\t\t\t\t<\/div>\n\t\t","protected":false},"excerpt":{"rendered":"<p>Livros 2014 2015 &#8211; 2017 LANGA, P. V.; CUMAIO, G. &amp; RAFAEL, D.P. Cinquenta anos de Legisla\u00e7\u00e3o e Pol\u00edticas P\u00fablicas [&hellip;]<\/p>\n","protected":false},"author":3,"featured_media":0,"parent":0,"menu_order":0,"comment_status":"closed","ping_status":"closed","template":"","meta":{"site-sidebar-layout":"no-sidebar","site-content-layout":"","ast-site-content-layout":"full-width-container","site-content-style":"default","site-sidebar-style":"default","ast-global-header-display":"","ast-banner-title-visibility":"","ast-main-header-display":"","ast-hfb-above-header-display":"","ast-hfb-below-header-display":"","ast-hfb-mobile-header-display":"","site-post-title":"disabled","ast-breadcrumbs-content":"","ast-featured-img":"disabled","footer-sml-layout":"","theme-transparent-header-meta":"","adv-header-id-meta":"","stick-header-meta":"","header-above-stick-meta":"","header-main-stick-meta":"","header-below-stick-meta":"","astra-migrate-meta-layouts":"default","ast-page-background-enabled":"default","ast-page-background-meta":{"desktop":{"background-color":"var(--ast-global-color-5)","background-image":"","background-repeat":"repeat","background-position":"center center","background-size":"auto","background-attachment":"scroll","background-type":"","background-media":"","overlay-type":"","overlay-color":"","overlay-opacity":"","overlay-gradient":""},"tablet":{"background-color":"","background-image":"","background-repeat":"repeat","background-position":"center center","background-size":"auto","background-attachment":"scroll","background-type":"","background-media":"","overlay-type":"","overlay-color":"","overlay-opacity":"","overlay-gradient":""},"mobile":{"background-color":"","background-image":"","background-repeat":"repeat","background-position":"center center","background-size":"auto","background-attachment":"scroll","background-type":"","background-media":"","overlay-type":"","overlay-color":"","overlay-opacity":"","overlay-gradient":""}},"ast-content-background-meta":{"desktop":{"background-color":"var(--ast-global-color-4)","background-image":"","background-repeat":"repeat","background-position":"center center","background-size":"auto","background-attachment":"scroll","background-type":"","background-media":"","overlay-type":"","overlay-color":"","overlay-opacity":"","overlay-gradient":""},"tablet":{"background-color":"var(--ast-global-color-4)","background-image":"","background-repeat":"repeat","background-position":"center center","background-size":"auto","background-attachment":"scroll","background-type":"","background-media":"","overlay-type":"","overlay-color":"","overlay-opacity":"","overlay-gradient":""},"mobile":{"background-color":"var(--ast-global-color-4)","background-image":"","background-repeat":"repeat","background-position":"center center","background-size":"auto","background-attachment":"scroll","background-type":"","background-media":"","overlay-type":"","overlay-color":"","overlay-opacity":"","overlay-gradient":""}},"footnotes":""},"class_list":["post-426","page","type-page","status-publish","hentry"],"rttpg_featured_image_url":null,"rttpg_author":{"display_name":"Miguel Bento","author_link":"https:\/\/cecage.uem.mz\/?author=3"},"rttpg_comment":0,"rttpg_category":null,"rttpg_excerpt":"Livros 2014 2015 &#8211; 2017 LANGA, P. V.; CUMAIO, G. &amp; RAFAEL, D.P. Cinquenta anos de Legisla\u00e7\u00e3o e Pol\u00edticas P\u00fablicas [&hellip;]","_links":{"self":[{"href":"https:\/\/cecage.uem.mz\/index.php?rest_route=\/wp\/v2\/pages\/426","targetHints":{"allow":["GET"]}}],"collection":[{"href":"https:\/\/cecage.uem.mz\/index.php?rest_route=\/wp\/v2\/pages"}],"about":[{"href":"https:\/\/cecage.uem.mz\/index.php?rest_route=\/wp\/v2\/types\/page"}],"author":[{"embeddable":true,"href":"https:\/\/cecage.uem.mz\/index.php?rest_route=\/wp\/v2\/users\/3"}],"replies":[{"embeddable":true,"href":"https:\/\/cecage.uem.mz\/index.php?rest_route=%2Fwp%2Fv2%2Fcomments&post=426"}],"version-history":[{"count":16,"href":"https:\/\/cecage.uem.mz\/index.php?rest_route=\/wp\/v2\/pages\/426\/revisions"}],"predecessor-version":[{"id":501,"href":"https:\/\/cecage.uem.mz\/index.php?rest_route=\/wp\/v2\/pages\/426\/revisions\/501"}],"wp:attachment":[{"href":"https:\/\/cecage.uem.mz\/index.php?rest_route=%2Fwp%2Fv2%2Fmedia&parent=426"}],"curies":[{"name":"wp","href":"https:\/\/api.w.org\/{rel}","templated":true}]}}