{"id":425,"date":"2025-05-28T13:21:33","date_gmt":"2025-05-28T13:21:33","guid":{"rendered":"https:\/\/cecage.uem.mz\/?page_id=425"},"modified":"2025-05-28T15:40:52","modified_gmt":"2025-05-28T15:40:52","slug":"artigos-em-revistas-cientificas","status":"publish","type":"page","link":"https:\/\/cecage.uem.mz\/?page_id=425","title":{"rendered":"Artigos em Revistas Cient\u00edficas"},"content":{"rendered":"\t\t<div data-elementor-type=\"wp-page\" data-elementor-id=\"425\" class=\"elementor elementor-425\">\n\t\t\t\t<div class=\"elementor-element elementor-element-c4acb15 e-flex e-con-boxed e-con e-parent\" data-id=\"c4acb15\" data-element_type=\"container\">\n\t\t\t\t\t<div class=\"e-con-inner\">\n\t\t\t\t<div class=\"elementor-element elementor-element-d48f1de elementor-widget elementor-widget-heading\" data-id=\"d48f1de\" data-element_type=\"widget\" data-widget_type=\"heading.default\">\n\t\t\t\t<div class=\"elementor-widget-container\">\n\t\t\t\t\t<h2 class=\"elementor-heading-title elementor-size-default\">Artigos em Revistas Cient\u00edficas <\/h2>\t\t\t\t<\/div>\n\t\t\t\t<\/div>\n\t\t\t\t\t<\/div>\n\t\t\t\t<\/div>\n\t\t<div class=\"elementor-element elementor-element-3663b83 e-flex e-con-boxed e-con e-parent\" data-id=\"3663b83\" data-element_type=\"container\">\n\t\t\t\t\t<div class=\"e-con-inner\">\n\t\t\t\t<div class=\"elementor-element elementor-element-71d28e6 e-n-tabs-mobile elementor-widget elementor-widget-n-tabs\" data-id=\"71d28e6\" data-element_type=\"widget\" data-settings=\"{&quot;horizontal_scroll&quot;:&quot;disable&quot;}\" data-widget_type=\"nested-tabs.default\">\n\t\t\t\t<div class=\"elementor-widget-container\">\n\t\t\t\t\t\t\t<div class=\"e-n-tabs\" data-widget-number=\"119351526\" aria-label=\"Tabs. Open items with Enter or Space, close with Escape and navigate using the Arrow keys.\">\n\t\t\t<div class=\"e-n-tabs-heading\" role=\"tablist\">\n\t\t\t\t\t<button id=\"e-n-tab-title-1193515261\" class=\"e-n-tab-title\" aria-selected=\"true\" data-tab-index=\"1\" role=\"tab\" tabindex=\"0\" aria-controls=\"e-n-tab-content-1193515261\" style=\"--n-tabs-title-order: 1;\">\n\t\t\t\t\t\t<span class=\"e-n-tab-title-text\">\n\t\t\t\t2009 - 2011\t\t\t<\/span>\n\t\t<\/button>\n\t\t\t\t<button id=\"e-n-tab-title-1193515262\" class=\"e-n-tab-title\" aria-selected=\"false\" data-tab-index=\"2\" role=\"tab\" tabindex=\"-1\" aria-controls=\"e-n-tab-content-1193515262\" style=\"--n-tabs-title-order: 2;\">\n\t\t\t\t\t\t<span class=\"e-n-tab-title-text\">\n\t\t\t\t2015 - 2017\t\t\t<\/span>\n\t\t<\/button>\n\t\t\t\t<button id=\"e-n-tab-title-1193515263\" class=\"e-n-tab-title\" aria-selected=\"false\" data-tab-index=\"3\" role=\"tab\" tabindex=\"-1\" aria-controls=\"e-n-tab-content-1193515263\" style=\"--n-tabs-title-order: 3;\">\n\t\t\t\t\t\t<span class=\"e-n-tab-title-text\">\n\t\t\t\t2018 - 2020\t\t\t<\/span>\n\t\t<\/button>\n\t\t\t\t\t<\/div>\n\t\t\t<div class=\"e-n-tabs-content\">\n\t\t\t\t<div id=\"e-n-tab-content-1193515261\" role=\"tabpanel\" aria-labelledby=\"e-n-tab-title-1193515261\" data-tab-index=\"1\" style=\"--n-tabs-title-order: 1;\" class=\"e-active elementor-element elementor-element-f179416 e-con-full e-flex e-con e-child\" data-id=\"f179416\" data-element_type=\"container\">\n\t\t\t\t<div class=\"elementor-element elementor-element-158d19b elementor-widget elementor-widget-text-editor\" data-id=\"158d19b\" data-element_type=\"widget\" data-widget_type=\"text-editor.default\">\n\t\t\t\t<div class=\"elementor-widget-container\">\n\t\t\t\t\t\t\t\t\t<ul><li>\u00a0<strong>MACARINGUE, D.; COSSA, Q.; BUQUE, C.; MATAVEIA, G. &amp; SITOE, A.<\/strong> Solid\u00e3o na Comunidade Universit\u00e1ria. Percursos e Ideias. Revista Cient\u00edfica do ISCET, n\u00b0 3 &amp; 4, 2\u00aa s\u00e9rie, 2011.<\/li><li><strong>MATAVEIA, G.A.; N\u00d6THLING, J. O.; TERBLANCHE, S. J.; GERBER,<\/strong> E D. Effect of heterologus seminal plasma and semen extenders on motility of frozen- thawed ram sperm, Journal of the South African Veterinary Association, 81(3), p. 139-142, 2010.<\/li><li><strong>COME, J.; MATAVEIA, G. A.; FAFTINE, O. J.; TCHAMO, C. C. L. M; HARUN,<\/strong> . E M.\u00a0 Efeito da Trac\u00e7\u00e3o em Novilhas\/Vacas Gestantes nos Distritos de Namaacha (Changalane), Magude (Chobela) e Ang\u00f3nia. 2009.<\/li><li><strong>HARUN, M.; ESCRIV\u00c3O, R.; MATAVEIA, G. A.;\u00a0 FAFTINE, O. J.; TCHAMO, C. C. L. M.;\u00a0 MABUNDA, F. A.<\/strong> Aspectos agron\u00f3micos, s\u00f3cio econ\u00f3micos, e fisiol\u00f3gicos do uso de vacas das ra\u00e7as Angone (<em>Bindicos<\/em>) e Landim <em>(Bos<\/em> <em>taurus<\/em>) na trac\u00e7\u00e3o animal. 2009.<\/li><\/ul>\t\t\t\t\t\t\t\t<\/div>\n\t\t\t\t<\/div>\n\t\t\t\t<\/div>\n\t\t<div id=\"e-n-tab-content-1193515262\" role=\"tabpanel\" aria-labelledby=\"e-n-tab-title-1193515262\" data-tab-index=\"2\" style=\"--n-tabs-title-order: 2;\" class=\" elementor-element elementor-element-b6eb4a6 e-con-full e-flex e-con e-child\" data-id=\"b6eb4a6\" data-element_type=\"container\">\n\t\t\t\t<div class=\"elementor-element elementor-element-8588070 elementor-widget elementor-widget-text-editor\" data-id=\"8588070\" data-element_type=\"widget\" data-widget_type=\"text-editor.default\">\n\t\t\t\t<div class=\"elementor-widget-container\">\n\t\t\t\t\t\t\t\t\t<ul><li><strong><span style=\"vertical-align: inherit;\"><span style=\"vertical-align: inherit;\">CAPURCHANDE, R.; COENE, G.; ROLENS, K. \u200b\u200b&amp; MEULEMANS, H.<\/span><\/span><\/strong><span style=\"vertical-align: inherit;\"><span style=\"vertical-align: inherit;\"> \u201cSe eu tiver apenas dois filhos e eles morrerem&#8230; quem cuidar\u00e1 de mim?\u201d &#8211; um estudo qualitativo que explora conhecimentos, atitudes e pr\u00e1ticas sobre planejamento familiar entre mulheres e homens adultos mo\u00e7ambicanos. BMC Women Health, 17, 66, p. 2-15, 2017.<\/span><\/span><\/li><\/ul><ul><li><strong><span style=\"vertical-align: inherit;\"><span style=\"vertical-align: inherit;\">CAPURCHANDE, R.; COENE, G.; Schockaert, I.; MACIA, M.; MEULEMANS, H.<\/span><\/span><\/strong><span style=\"vertical-align: inherit;\"><span style=\"vertical-align: inherit;\"> &#8221;\u00c9 desafiador&#8230; ah, ningu\u00e9m gosta!&#8221;: um estudo qualitativo que explora as experi\u00eancias de adolescentes e jovens adultos mo\u00e7ambicanos com a contracep\u00e7\u00e3o. BMC Women Health, 16, 48, p. 1-17, 2016.<\/span><\/span><\/li><\/ul><ul><li><span style=\"vertical-align: inherit;\"><span style=\"vertical-align: inherit;\"><strong>CAPURCHANDE, R.; COENE, GMEULEMANS, H.<\/strong> Entre a ades\u00e3o e a resist\u00eancia: explorando discursos sobre planeamento familiar em comit\u00e9s comunit\u00e1rios de sa\u00fade em Mo\u00e7ambique. BMJ, 5(5), p. 1-7, 2015.<\/span><\/span><\/li><\/ul>\t\t\t\t\t\t\t\t<\/div>\n\t\t\t\t<\/div>\n\t\t\t\t<\/div>\n\t\t<div id=\"e-n-tab-content-1193515263\" role=\"tabpanel\" aria-labelledby=\"e-n-tab-title-1193515263\" data-tab-index=\"3\" style=\"--n-tabs-title-order: 3;\" class=\" elementor-element elementor-element-dfbe693 e-con-full e-flex e-con e-child\" data-id=\"dfbe693\" data-element_type=\"container\">\n\t\t\t\t<div class=\"elementor-element elementor-element-6450fef elementor-widget elementor-widget-text-editor\" data-id=\"6450fef\" data-element_type=\"widget\" data-widget_type=\"text-editor.default\">\n\t\t\t\t<div class=\"elementor-widget-container\">\n\t\t\t\t\t\t\t\t\t<ul><li><strong>TCHAMO, S.; MUCAMBE, M.; JOS\u00c9, G.; MANUEL, B.; MATAVEIA, G.<\/strong> Economic Costs of Violence Against Women in Mozambique. Journal of Interpersonal Violence, Doi: 10.1177\/0886260519898445, p. 1-14, 2020. Disponivel em: <a href=\"https:\/\/www.ncbi.nlm.nih.gov\/pubmed\/31984827\">https:\/\/www.ncbi.nlm.nih.gov\/pubmed\/31984827<\/a><\/li><li><strong style=\"font-style: inherit;\">MARIANO, E.; MANUEL, B.; MA\u00daNGUE, H.; RAFAEL, D. P.; MUNGUAMBE, C.; MATAVEIA, G<\/strong><span style=\"font-style: inherit; font-weight: inherit;\">. Violence against women and girls in public spaces in Maputo: an exploratory study. Black Sea Journal of Public and Social Science Open Access Journal, 3(1), p. 10-21, 2020. Disponivel em: <\/span><a style=\"font-style: inherit; font-weight: inherit; background-color: #ffffff;\" href=\"https:\/\/dergipark.org.tr\/en\/pub\/bssocialscience\/issue\/50268\/556631\">https:\/\/dergipark.org.tr\/en\/pub\/bssocialscience\/issue\/50268\/55663<\/a><\/li><li><strong>MATAVEIA, G.; GARRINE, C.; M.P. L., PONDJA, A; HASSEN, A.; VISSER,<\/strong> C. Impact of supplementation of Moringa oleifera and Leucaena leucacepha tree fodder on the production performance of indigenous goats in Mozambique. Black Sea Journal of Agriculture Open Access Journal, 2, p. 93-102, 2019.<\/li><li><strong style=\"font-style: inherit;\">MATAVEIA, G. A.; GARRINE, C.M.L.P.; PONDJA, A.; HASSEN, A.; VISSER, C<\/strong><span style=\"font-style: inherit; font-weight: inherit;\">. Smallholder goat production in the Namaacha and Moamba districts of southern Mozambique. Journal of Agriculture and Rural Development in the Tropics and Subtropics, (2) 31-41, p. 119, 2018. <\/span><a style=\"font-style: inherit; font-weight: inherit; background-color: #ffffff;\" href=\"https:\/\/doi.org\/10.17170\/kobra-2018112825\">https:\/\/doi.org\/10.17170\/kobra-2018112825<\/a><\/li><\/ul>\t\t\t\t\t\t\t\t<\/div>\n\t\t\t\t<\/div>\n\t\t\t\t<\/div>\n\t\t\t\t\t<\/div>\n\t\t<\/div>\n\t\t\t\t\t\t<\/div>\n\t\t\t\t<\/div>\n\t\t\t\t\t<\/div>\n\t\t\t\t<\/div>\n\t\t\t\t<\/div>\n\t\t","protected":false},"excerpt":{"rendered":"<p>Artigos em Revistas Cient\u00edficas 2009 &#8211; 2011 2015 &#8211; 2017 2018 &#8211; 2020 \u00a0MACARINGUE, D.; COSSA, Q.; BUQUE, C.; MATAVEIA, [&hellip;]<\/p>\n","protected":false},"author":3,"featured_media":0,"parent":0,"menu_order":0,"comment_status":"closed","ping_status":"closed","template":"","meta":{"site-sidebar-layout":"no-sidebar","site-content-layout":"","ast-site-content-layout":"full-width-container","site-content-style":"default","site-sidebar-style":"default","ast-global-header-display":"","ast-banner-title-visibility":"","ast-main-header-display":"","ast-hfb-above-header-display":"","ast-hfb-below-header-display":"","ast-hfb-mobile-header-display":"","site-post-title":"disabled","ast-breadcrumbs-content":"","ast-featured-img":"disabled","footer-sml-layout":"","theme-transparent-header-meta":"","adv-header-id-meta":"","stick-header-meta":"","header-above-stick-meta":"","header-main-stick-meta":"","header-below-stick-meta":"","astra-migrate-meta-layouts":"default","ast-page-background-enabled":"default","ast-page-background-meta":{"desktop":{"background-color":"var(--ast-global-color-5)","background-image":"","background-repeat":"repeat","background-position":"center center","background-size":"auto","background-attachment":"scroll","background-type":"","background-media":"","overlay-type":"","overlay-color":"","overlay-opacity":"","overlay-gradient":""},"tablet":{"background-color":"","background-image":"","background-repeat":"repeat","background-position":"center center","background-size":"auto","background-attachment":"scroll","background-type":"","background-media":"","overlay-type":"","overlay-color":"","overlay-opacity":"","overlay-gradient":""},"mobile":{"background-color":"","background-image":"","background-repeat":"repeat","background-position":"center center","background-size":"auto","background-attachment":"scroll","background-type":"","background-media":"","overlay-type":"","overlay-color":"","overlay-opacity":"","overlay-gradient":""}},"ast-content-background-meta":{"desktop":{"background-color":"var(--ast-global-color-4)","background-image":"","background-repeat":"repeat","background-position":"center center","background-size":"auto","background-attachment":"scroll","background-type":"","background-media":"","overlay-type":"","overlay-color":"","overlay-opacity":"","overlay-gradient":""},"tablet":{"background-color":"var(--ast-global-color-4)","background-image":"","background-repeat":"repeat","background-position":"center center","background-size":"auto","background-attachment":"scroll","background-type":"","background-media":"","overlay-type":"","overlay-color":"","overlay-opacity":"","overlay-gradient":""},"mobile":{"background-color":"var(--ast-global-color-4)","background-image":"","background-repeat":"repeat","background-position":"center center","background-size":"auto","background-attachment":"scroll","background-type":"","background-media":"","overlay-type":"","overlay-color":"","overlay-opacity":"","overlay-gradient":""}},"footnotes":""},"class_list":["post-425","page","type-page","status-publish","hentry"],"rttpg_featured_image_url":null,"rttpg_author":{"display_name":"Miguel Bento","author_link":"https:\/\/cecage.uem.mz\/?author=3"},"rttpg_comment":0,"rttpg_category":null,"rttpg_excerpt":"Artigos em Revistas Cient\u00edficas 2009 &#8211; 2011 2015 &#8211; 2017 2018 &#8211; 2020 \u00a0MACARINGUE, D.; COSSA, Q.; BUQUE, C.; MATAVEIA, [&hellip;]","_links":{"self":[{"href":"https:\/\/cecage.uem.mz\/index.php?rest_route=\/wp\/v2\/pages\/425","targetHints":{"allow":["GET"]}}],"collection":[{"href":"https:\/\/cecage.uem.mz\/index.php?rest_route=\/wp\/v2\/pages"}],"about":[{"href":"https:\/\/cecage.uem.mz\/index.php?rest_route=\/wp\/v2\/types\/page"}],"author":[{"embeddable":true,"href":"https:\/\/cecage.uem.mz\/index.php?rest_route=\/wp\/v2\/users\/3"}],"replies":[{"embeddable":true,"href":"https:\/\/cecage.uem.mz\/index.php?rest_route=%2Fwp%2Fv2%2Fcomments&post=425"}],"version-history":[{"count":28,"href":"https:\/\/cecage.uem.mz\/index.php?rest_route=\/wp\/v2\/pages\/425\/revisions"}],"predecessor-version":[{"id":483,"href":"https:\/\/cecage.uem.mz\/index.php?rest_route=\/wp\/v2\/pages\/425\/revisions\/483"}],"wp:attachment":[{"href":"https:\/\/cecage.uem.mz\/index.php?rest_route=%2Fwp%2Fv2%2Fmedia&parent=425"}],"curies":[{"name":"wp","href":"https:\/\/api.w.org\/{rel}","templated":true}]}}