{"id":387,"date":"2025-05-28T12:27:16","date_gmt":"2025-05-28T12:27:16","guid":{"rendered":"https:\/\/cecage.uem.mz\/?page_id=387"},"modified":"2025-05-28T12:56:43","modified_gmt":"2025-05-28T12:56:43","slug":"formacoes-de-curta-duracao","status":"publish","type":"page","link":"https:\/\/cecage.uem.mz\/?page_id=387","title":{"rendered":"FORMA\u00c7\u00d5ES DE CURTA DURA\u00c7\u00c3O"},"content":{"rendered":"\t\t<div data-elementor-type=\"wp-page\" data-elementor-id=\"387\" class=\"elementor elementor-387\">\n\t\t\t\t<div class=\"elementor-element elementor-element-73329e2 e-flex e-con-boxed e-con e-parent\" data-id=\"73329e2\" data-element_type=\"container\">\n\t\t\t\t\t<div class=\"e-con-inner\">\n\t\t\t\t<div class=\"elementor-element elementor-element-6d5463e elementor-widget elementor-widget-heading\" data-id=\"6d5463e\" data-element_type=\"widget\" data-widget_type=\"heading.default\">\n\t\t\t\t<div class=\"elementor-widget-container\">\n\t\t\t\t\t<h2 class=\"elementor-heading-title elementor-size-default\">Forma\u00e7\u00f5es de curta dura\u00e7\u00e3o<\/h2>\t\t\t\t<\/div>\n\t\t\t\t<\/div>\n\t\t\t\t<div class=\"elementor-element elementor-element-d27987b elementor-widget elementor-widget-text-editor\" data-id=\"d27987b\" data-element_type=\"widget\" data-widget_type=\"text-editor.default\">\n\t\t\t\t<div class=\"elementor-widget-container\">\n\t\t\t\t\t\t\t\t\t<p>O CeCAGe oferece pacotes de forma\u00e7\u00e3o sobre tem\u00e1ticas de g\u00e9nero e diversidades de curta dura\u00e7\u00e3o destinados a comunidade universit\u00e1ria e a sociedade no geral de forma presencial e virtual. Igualmente, promove a integra\u00e7\u00e3o das tem\u00e1ticas de g\u00e9nero nos cursos de gradua\u00e7\u00e3o e p\u00f3s-gradua\u00e7\u00e3o da UEM com o objectivo de contribuir na forma\u00e7\u00e3o e na mudan\u00e7a de mentalidade dos benefici\u00e1rios directos e indirectos.<\/p><p>Os cursos de curta dura\u00e7\u00e3o s\u00e3o oferecidos aos interessados, de forma regular, nos meses estabelecidos em cada pacote a seguir indicado e de forma casual, ao longo do ano, em resposta \u00e1s solicita\u00e7\u00f5es das institui\u00e7\u00f5es nacionais e internacionais interessadas.<\/p>\t\t\t\t\t\t\t\t<\/div>\n\t\t\t\t<\/div>\n\t\t\t\t<div class=\"elementor-element elementor-element-cc48d4c elementor-widget elementor-widget-button\" data-id=\"cc48d4c\" data-element_type=\"widget\" data-widget_type=\"button.default\">\n\t\t\t\t<div class=\"elementor-widget-container\">\n\t\t\t\t\t\t\t\t\t<div class=\"elementor-button-wrapper\">\n\t\t\t\t\t<a class=\"elementor-button elementor-button-link elementor-size-sm\" href=\"https:\/\/cecage.uem.mz\/wp-content\/uploads\/2025\/05\/Formacoes-de-curta-duracao.pdf\">\n\t\t\t\t\t\t<span class=\"elementor-button-content-wrapper\">\n\t\t\t\t\t\t\t\t\t<span class=\"elementor-button-text\">Para mais informa\u00e7\u00f5es<\/span>\n\t\t\t\t\t<\/span>\n\t\t\t\t\t<\/a>\n\t\t\t\t<\/div>\n\t\t\t\t\t\t\t\t<\/div>\n\t\t\t\t<\/div>\n\t\t\t\t\t<\/div>\n\t\t\t\t<\/div>\n\t\t<div class=\"elementor-element elementor-element-5a9f7e1 e-flex e-con-boxed e-con e-parent\" data-id=\"5a9f7e1\" data-element_type=\"container\">\n\t\t\t\t\t<div class=\"e-con-inner\">\n\t\t\t\t\t<\/div>\n\t\t\t\t<\/div>\n\t\t\t\t<\/div>\n\t\t","protected":false},"excerpt":{"rendered":"<p>Forma\u00e7\u00f5es de curta dura\u00e7\u00e3o O CeCAGe oferece pacotes de forma\u00e7\u00e3o sobre tem\u00e1ticas de g\u00e9nero e diversidades de curta dura\u00e7\u00e3o destinados [&hellip;]<\/p>\n","protected":false},"author":2,"featured_media":0,"parent":0,"menu_order":0,"comment_status":"closed","ping_status":"closed","template":"","meta":{"site-sidebar-layout":"no-sidebar","site-content-layout":"","ast-site-content-layout":"full-width-container","site-content-style":"default","site-sidebar-style":"default","ast-global-header-display":"","ast-banner-title-visibility":"","ast-main-header-display":"","ast-hfb-above-header-display":"","ast-hfb-below-header-display":"","ast-hfb-mobile-header-display":"","site-post-title":"disabled","ast-breadcrumbs-content":"","ast-featured-img":"disabled","footer-sml-layout":"","theme-transparent-header-meta":"","adv-header-id-meta":"","stick-header-meta":"","header-above-stick-meta":"","header-main-stick-meta":"","header-below-stick-meta":"","astra-migrate-meta-layouts":"default","ast-page-background-enabled":"default","ast-page-background-meta":{"desktop":{"background-color":"var(--ast-global-color-5)","background-image":"","background-repeat":"repeat","background-position":"center center","background-size":"auto","background-attachment":"scroll","background-type":"","background-media":"","overlay-type":"","overlay-color":"","overlay-opacity":"","overlay-gradient":""},"tablet":{"background-color":"","background-image":"","background-repeat":"repeat","background-position":"center center","background-size":"auto","background-attachment":"scroll","background-type":"","background-media":"","overlay-type":"","overlay-color":"","overlay-opacity":"","overlay-gradient":""},"mobile":{"background-color":"","background-image":"","background-repeat":"repeat","background-position":"center center","background-size":"auto","background-attachment":"scroll","background-type":"","background-media":"","overlay-type":"","overlay-color":"","overlay-opacity":"","overlay-gradient":""}},"ast-content-background-meta":{"desktop":{"background-color":"var(--ast-global-color-4)","background-image":"","background-repeat":"repeat","background-position":"center center","background-size":"auto","background-attachment":"scroll","background-type":"","background-media":"","overlay-type":"","overlay-color":"","overlay-opacity":"","overlay-gradient":""},"tablet":{"background-color":"var(--ast-global-color-4)","background-image":"","background-repeat":"repeat","background-position":"center center","background-size":"auto","background-attachment":"scroll","background-type":"","background-media":"","overlay-type":"","overlay-color":"","overlay-opacity":"","overlay-gradient":""},"mobile":{"background-color":"var(--ast-global-color-4)","background-image":"","background-repeat":"repeat","background-position":"center center","background-size":"auto","background-attachment":"scroll","background-type":"","background-media":"","overlay-type":"","overlay-color":"","overlay-opacity":"","overlay-gradient":""}},"footnotes":""},"class_list":["post-387","page","type-page","status-publish","hentry"],"rttpg_featured_image_url":null,"rttpg_author":{"display_name":"cesar Langa","author_link":"https:\/\/cecage.uem.mz\/?author=2"},"rttpg_comment":0,"rttpg_category":null,"rttpg_excerpt":"Forma\u00e7\u00f5es de curta dura\u00e7\u00e3o O CeCAGe oferece pacotes de forma\u00e7\u00e3o sobre tem\u00e1ticas de g\u00e9nero e diversidades de curta dura\u00e7\u00e3o destinados [&hellip;]","_links":{"self":[{"href":"https:\/\/cecage.uem.mz\/index.php?rest_route=\/wp\/v2\/pages\/387","targetHints":{"allow":["GET"]}}],"collection":[{"href":"https:\/\/cecage.uem.mz\/index.php?rest_route=\/wp\/v2\/pages"}],"about":[{"href":"https:\/\/cecage.uem.mz\/index.php?rest_route=\/wp\/v2\/types\/page"}],"author":[{"embeddable":true,"href":"https:\/\/cecage.uem.mz\/index.php?rest_route=\/wp\/v2\/users\/2"}],"replies":[{"embeddable":true,"href":"https:\/\/cecage.uem.mz\/index.php?rest_route=%2Fwp%2Fv2%2Fcomments&post=387"}],"version-history":[{"count":13,"href":"https:\/\/cecage.uem.mz\/index.php?rest_route=\/wp\/v2\/pages\/387\/revisions"}],"predecessor-version":[{"id":404,"href":"https:\/\/cecage.uem.mz\/index.php?rest_route=\/wp\/v2\/pages\/387\/revisions\/404"}],"wp:attachment":[{"href":"https:\/\/cecage.uem.mz\/index.php?rest_route=%2Fwp%2Fv2%2Fmedia&parent=387"}],"curies":[{"name":"wp","href":"https:\/\/api.w.org\/{rel}","templated":true}]}}